{"id":71,"date":"2023-01-10T19:26:40","date_gmt":"2023-01-10T18:26:40","guid":{"rendered":"https:\/\/consbrisbane.esteri.it\/?page_id=71"},"modified":"2023-01-10T19:56:15","modified_gmt":"2023-01-10T18:56:15","slug":"numeri-di-emergenza","status":"publish","type":"page","link":"https:\/\/consbrisbane.esteri.it\/it\/chi-siamo\/numeri-di-emergenza\/","title":{"rendered":"Numeri di emergenza"},"content":{"rendered":"<p>In caso di emergenza che coinvolga un cittadino italiano in Queensland o Territorio del Nord, siamo raggiungibili al cellulare\u00a0<strong>+61 417 600 441<\/strong>\u00a0anche fuori l\u2019orario di lavoro. Si tratta di una linea telefonica\u00a0<strong>ESCLUSIVAMENTE dedicata alle emergenze<\/strong>\u00a0e non per richieste di informazioni sui servizi consolari. Chiamate non di emergenza saranno terminate per lasciare la linea disponibile a reali emergenze. Servizi come la richiesta di passaporto, di visti o servizi notarili non sono considerati emergenze e per informazioni si prega di inviare una email o chiamare allo +61 (0)7 3229 8944 i luned\u00ec, mercoled\u00ec dalle 13.00 alle 14.30 ed il venerd\u00ec dalle 9.00 alle 10.30 (orario del Queensland).<\/p>\n<p>Per corrispondenza istituzionale o notifiche di atti giudiziari si pu\u00f2 utilizzare il seguente indirizzo PEC (Posta Elettronica Certificata)\u00a0<a href=\"mailto:con.brisbane@cert.esteri.it\">con.brisbane@cert.esteri.it<\/a><\/p>\n<p><strong>Se vi trovate in pericolo di vita o in una situazione che richiede assistenza immediata, per favore digitate 000 (triplo zero) per parlare con Polizia, Vigili del Fuoco o servizi di Ambulanza.<\/strong><\/p>\n","protected":false},"excerpt":{"rendered":"In caso di emergenza che coinvolga un cittadino italiano in Queensland o Territorio del Nord, siamo raggiungibili al cellulare\u00a0+61 417 600 441\u00a0anche fuori l\u2019orario di lavoro. Si tratta di una linea telefonica\u00a0ESCLUSIVAMENTE dedicata alle emergenze\u00a0e non per richieste di informazioni sui servizi consolari. Chiamate non di emergenza saranno terminate per lasciare la linea disponibile a [&hellip;]","protected":false},"author":3,"featured_media":0,"parent":9,"menu_order":8,"comment_status":"closed","ping_status":"closed","template":"","meta":{"footnotes":""},"class_list":["post-71","page","type-page","status-publish","hentry"],"_links":{"self":[{"href":"https:\/\/consbrisbane.esteri.it\/it\/wp-json\/wp\/v2\/pages\/71","targetHints":{"allow":["GET"]}}],"collection":[{"href":"https:\/\/consbrisbane.esteri.it\/it\/wp-json\/wp\/v2\/pages"}],"about":[{"href":"https:\/\/consbrisbane.esteri.it\/it\/wp-json\/wp\/v2\/types\/page"}],"author":[{"embeddable":true,"href":"https:\/\/consbrisbane.esteri.it\/it\/wp-json\/wp\/v2\/users\/3"}],"replies":[{"embeddable":true,"href":"https:\/\/consbrisbane.esteri.it\/it\/wp-json\/wp\/v2\/comments?post=71"}],"version-history":[{"count":0,"href":"https:\/\/consbrisbane.esteri.it\/it\/wp-json\/wp\/v2\/pages\/71\/revisions"}],"up":[{"embeddable":true,"href":"https:\/\/consbrisbane.esteri.it\/it\/wp-json\/wp\/v2\/pages\/9"}],"wp:attachment":[{"href":"https:\/\/consbrisbane.esteri.it\/it\/wp-json\/wp\/v2\/media?parent=71"}],"curies":[{"name":"wp","href":"https:\/\/api.w.org\/{rel}","templated":true}]}}