{"id":684,"date":"2023-06-05T02:31:38","date_gmt":"2023-06-05T00:31:38","guid":{"rendered":"https:\/\/consbrisbane.esteri.it\/?page_id=684"},"modified":"2023-06-05T03:03:41","modified_gmt":"2023-06-05T01:03:41","slug":"rinuncia-alleredita","status":"publish","type":"page","link":"https:\/\/consbrisbane.esteri.it\/it\/servizi-consolari-e-visti\/servizi-per-il-cittadino-italiano\/servizio-notarile\/rinuncia-alleredita\/","title":{"rendered":"Rinuncia all&#8217;eredit\u00e0"},"content":{"rendered":"<p>La rinunzia all&#8217;eredit\u00e0 consiste in una dichiarazione, ricevuta da un notaio o dal cancelliere del tribunale del circondario in cui si \u00e8 aperta la successione (o all&#8217;estero dal Funzionario consolare delegato) e da inserirsi nel registro delle successioni (a cura dell&#8217;interessato anche per gli atti redatti all&#8217;estero dinanzi all&#8217;Autorit\u00e0 consolare), con la quale l&#8217;erede manifesta la volont\u00e0 di non subentrare al defunto nei suoi diritti e rapporti, indipendentemente dalla sussistenza o meno di un testamento (art. 519, comma 1, c.c.).<\/p>\n<p>Per predisporre l\u2019atto \u00e8 necessario contattare\u00a0<a href=\"mailto:notarile.brisbane@esteri.it\">notarile.brisbane@esteri.it<\/a>\u00a0per prenotare un appuntamento ed anticipare via e-mail la seguente documentazione:<\/p>\n<ul>\n<li>Documento di identit\u00e0 italiano in corso di validit\u00e0 (passaporto o carta d\u2019identit\u00e0) del richiedente<\/li>\n<li>Codice fiscale<\/li>\n<li>Copia del certificato di morte della persona deceduta, dati anagrafici e di residenza del defunto\/della defunta<\/li>\n<li>Dati anagrafici dei due testimoni richiesti ai sensi della legge (ove non disponibili da parte dell&#8217;istante si prega di notificarlo al Consolato)<\/li>\n<\/ul>\n<p>Il costo del servizio \u00e8 quello indicato all\u2019art. 26 della <a href=\"https:\/\/consbrisbane.esteri.it\/wp-content\/uploads\/2023\/06\/Tariffario-secondo-trimestre-2023_-01_04_2023-30_06_2023.pdf\">Tabella dei diritti consolari<\/a><\/p>\n<p>N.B.: Nel caso in cui l\u2019accettazione o la rinuncia all\u2019eredit\u00e0 riguardi un minore, sar\u00e0 necessario ottenere un\u2019autorizzazione del Capo del Consolato nelle sue funzioni di Giudice Tutelare\u00a0previa istanza dei genitori, <a href=\"https:\/\/consbrisbane.esteri.it\/wp-content\/uploads\/2023\/06\/mod_rinuncia_eredit_minore.doc\">formulata secondo questo modello<\/a> con la corresponsione della percezione di cui all&#8217;art.31A e art.31B nella <a href=\"https:\/\/consbrisbane.esteri.it\/wp-content\/uploads\/2023\/06\/Tariffario-secondo-trimestre-2023_-01_04_2023-30_06_2023.pdf\">Tabella dei diritti consolari<\/a><\/p>\n","protected":false},"excerpt":{"rendered":"La rinunzia all&#8217;eredit\u00e0 consiste in una dichiarazione, ricevuta da un notaio o dal cancelliere del tribunale del circondario in cui si \u00e8 aperta la successione (o all&#8217;estero dal Funzionario consolare delegato) e da inserirsi nel registro delle successioni (a cura dell&#8217;interessato anche per gli atti redatti all&#8217;estero dinanzi all&#8217;Autorit\u00e0 consolare), con la quale l&#8217;erede manifesta [&hellip;]","protected":false},"author":6,"featured_media":0,"parent":673,"menu_order":0,"comment_status":"closed","ping_status":"closed","template":"","meta":{"footnotes":""},"class_list":["post-684","page","type-page","status-publish","hentry"],"_links":{"self":[{"href":"https:\/\/consbrisbane.esteri.it\/it\/wp-json\/wp\/v2\/pages\/684","targetHints":{"allow":["GET"]}}],"collection":[{"href":"https:\/\/consbrisbane.esteri.it\/it\/wp-json\/wp\/v2\/pages"}],"about":[{"href":"https:\/\/consbrisbane.esteri.it\/it\/wp-json\/wp\/v2\/types\/page"}],"author":[{"embeddable":true,"href":"https:\/\/consbrisbane.esteri.it\/it\/wp-json\/wp\/v2\/users\/6"}],"replies":[{"embeddable":true,"href":"https:\/\/consbrisbane.esteri.it\/it\/wp-json\/wp\/v2\/comments?post=684"}],"version-history":[{"count":0,"href":"https:\/\/consbrisbane.esteri.it\/it\/wp-json\/wp\/v2\/pages\/684\/revisions"}],"up":[{"embeddable":true,"href":"https:\/\/consbrisbane.esteri.it\/it\/wp-json\/wp\/v2\/pages\/673"}],"wp:attachment":[{"href":"https:\/\/consbrisbane.esteri.it\/it\/wp-json\/wp\/v2\/media?parent=684"}],"curies":[{"name":"wp","href":"https:\/\/api.w.org\/{rel}","templated":true}]}}