{"id":681,"date":"2023-06-05T02:15:31","date_gmt":"2023-06-05T00:15:31","guid":{"rendered":"https:\/\/consbrisbane.esteri.it\/?page_id=681"},"modified":"2023-06-05T02:17:15","modified_gmt":"2023-06-05T00:17:15","slug":"autentica-di-firma","status":"publish","type":"page","link":"https:\/\/consbrisbane.esteri.it\/it\/servizi-consolari-e-visti\/servizi-per-il-cittadino-italiano\/servizio-notarile\/autentica-di-firma\/","title":{"rendered":"Autentica di firma"},"content":{"rendered":"<p><strong>AUTENTICAZIONE NOTARILE DI FIRMA<\/strong><\/p>\n<p>L&#8217;autentica notarile di firma (ex art. 1 Legge Notarile) pu\u00f2 essere effettuata, ai sensi dell\u2019art. 28 del D. Lgs. n. 71\/2011, solo a favore di cittadini italiani. La nozione generale di sottoscrizione autenticata \u00e8 data dall\u2019art. 2703, comma 2, del codice civile: \u201cl\u2019autenticazione consiste nell\u2019attestazione da parte del pubblico ufficiale che la sottoscrizione \u00e8 stata apposta in sua presenza. Il pubblico ufficiale deve previamente accertare l\u2019identit\u00e0 della persona che sottoscrive\u201d. Ai sensi dell\u2019art. 2702 c.c., l\u2019autentica di firma non conferisce alcun carattere di autenticit\u00e0 alla sostanza dell\u2019atto, ma fa prova, fino a querela di falso, della sua provenienza. Le modalit\u00e0 di autenticazione di firma da parte del notaio &#8211; rette dagli artt. 2703 del codice civile, 72 della Legge Notarile n. 89\/1913, 86 del Regolamento notarile (approvato con R.D. 10 settembre 1914, n. 1326) e 20 della l. n. 15\/1968 &#8211; si applicano anche all&#8217;autentica notarile consolare.<\/p>\n<p><strong>AUTENTICAZIONE AMMINISTRATIVA DI FIRMA<\/strong><\/p>\n<p>Il D.P.R. 28 dicembre 2000, n. 445 dispone che, per i cittadini italiani o dell\u2019Unione Europea e gli stranieri regolarmente soggiornanti in Italia (art. 3), la sottoscrizione di domande o di dichiarazioni da presentare alla Pubblica Amministrazione o ai gestori di pubblici servizi non deve pi\u00f9 essere autenticata, ma \u00e8 sufficiente allegarvi copia di un valido documento di identit\u00e0 del sottoscrittore.<\/p>\n<p>L\u2019autentica rimane invece necessaria, anche per gli stessi soggetti ex art. 3 sopracitato, in caso di istanza presentata a privati ovvero a fini di riscossione di benefici economici da parte di terzi (ad esempio, in caso di deleghe per ritiro di pensioni, passaggi di propriet\u00e0 di veicoli, apertura di un conto in banca, ecc.). Per gli stranieri non regolarmente soggiornanti in Italia e non cittadini dell\u2019Unione Europea, l\u2019autentica amministrativa \u00e8 sempre necessaria.<\/p>\n<p><strong>AUTENTICAZIONE DI FOTOGRAFIA<\/strong><\/p>\n<p>Consiste nell&#8217;attestazione che un&#8217;immagine fotografica corrisponde alla persona dell&#8217;interessato.<br \/>\nIl richiedente dovr\u00e0 presentarsi &#8211; previo appuntamento &#8211; presso l\u2019ufficio consolare munito di un valido documento di riconoscimento e del documento o della fotografia da autenticare.<\/p>\n","protected":false},"excerpt":{"rendered":"AUTENTICAZIONE NOTARILE DI FIRMA L&#8217;autentica notarile di firma (ex art. 1 Legge Notarile) pu\u00f2 essere effettuata, ai sensi dell\u2019art. 28 del D. Lgs. n. 71\/2011, solo a favore di cittadini italiani. La nozione generale di sottoscrizione autenticata \u00e8 data dall\u2019art. 2703, comma 2, del codice civile: \u201cl\u2019autenticazione consiste nell\u2019attestazione da parte del pubblico ufficiale che [&hellip;]","protected":false},"author":6,"featured_media":0,"parent":673,"menu_order":0,"comment_status":"closed","ping_status":"closed","template":"","meta":{"footnotes":""},"class_list":["post-681","page","type-page","status-publish","hentry"],"_links":{"self":[{"href":"https:\/\/consbrisbane.esteri.it\/it\/wp-json\/wp\/v2\/pages\/681","targetHints":{"allow":["GET"]}}],"collection":[{"href":"https:\/\/consbrisbane.esteri.it\/it\/wp-json\/wp\/v2\/pages"}],"about":[{"href":"https:\/\/consbrisbane.esteri.it\/it\/wp-json\/wp\/v2\/types\/page"}],"author":[{"embeddable":true,"href":"https:\/\/consbrisbane.esteri.it\/it\/wp-json\/wp\/v2\/users\/6"}],"replies":[{"embeddable":true,"href":"https:\/\/consbrisbane.esteri.it\/it\/wp-json\/wp\/v2\/comments?post=681"}],"version-history":[{"count":0,"href":"https:\/\/consbrisbane.esteri.it\/it\/wp-json\/wp\/v2\/pages\/681\/revisions"}],"up":[{"embeddable":true,"href":"https:\/\/consbrisbane.esteri.it\/it\/wp-json\/wp\/v2\/pages\/673"}],"wp:attachment":[{"href":"https:\/\/consbrisbane.esteri.it\/it\/wp-json\/wp\/v2\/media?parent=681"}],"curies":[{"name":"wp","href":"https:\/\/api.w.org\/{rel}","templated":true}]}}