{"id":673,"date":"2023-06-08T03:35:52","date_gmt":"2023-06-08T01:35:52","guid":{"rendered":"https:\/\/consbrisbane.esteri.it\/?page_id=673"},"modified":"2025-02-06T14:57:33","modified_gmt":"2025-02-06T13:57:33","slug":"servizio-notarile","status":"publish","type":"page","link":"https:\/\/consbrisbane.esteri.it\/it\/servizi-consolari-e-visti\/servizi-per-il-cittadino-italiano\/servizio-notarile\/","title":{"rendered":"Servizio notarile"},"content":{"rendered":"<p>Il servizio notarile viene offerto esclusivamente ai cittadini italiani che si trovino all&#8217;estero in via permanente o temporanea (art.28 d.lgs.71\/2011), muniti di validi documenti italiani di identit\u00e0 (passaporto, carta d&#8217;identit\u00e0, patente di guida, ecc.).<\/p>\n<p>Se <strong>NON<\/strong> si \u00e8 in possesso della cittadinanza italiana si potr\u00e0 contattare un notary public australiano e successivamente avvalersi della Convenzione dell\u2019Aja del 1961 per la legalizzazione internazionale dell\u2019atto mediante apposizione della \u201cApostille\u201d da parte degli uffici del Ministero degli Affari esteri australiano presenti in Queensland e nel Northern Territory. L\u2019atto per avere validit\u00e0 in Italia dovra\u2019 essere inoltre tradotto in Italiano da parte di un traduttore NAATI. E&#8217; disponibile al seguente <a href=\"https:\/\/consbrisbane.esteri.it\/wp-content\/uploads\/2025\/02\/studi_legali_di_riferimento_aggiornamento_01_2025.pdf\">LINK<\/a> una lista di studi legali di riferimento del Consolato.<\/p>\n<p>Il servizio notarile viene fornito esclusivamente su appuntamento da concordare tramite messaggio di posta elettronica all\u2019indirizzo\u00a0<a href=\"mailto:notarile.brisbane@esteri.it\">notarile.brisbane@esteri.it<\/a>\u00a0indicando il servizio richiesto e allegando l&#8217;apposito\u00a0<a href=\"https:\/\/consbrisbane.esteri.it\/wp-content\/uploads\/2023\/06\/modulo-di_richiesta_appuntamento_servizi_notarili.doc\">modulo di richiesta appuntamento<\/a>.<\/p>\n<p>Per ulteriori informazioni si prega di contattare l\u2019Ufficio notarile al numero del Consolato +61(7)32298944 (lun-mer dalle ore 13.00 alle 14.30; ven dalle ore 9.00 alle ore 10.30).<\/p>\n<p>Il Consolato d&#8217;Italia a Brisbane predispone atti e fornisce molti dei servizi che, in Italia, richiederebbero l&#8217;intervento di un Notaio quali: procure speciali e generali; atti di notoriet\u00e0; autenticazioni di firma; dichiarazioni sostitutive di atti di notoriet\u00e0, ecc., ma non pu\u00f2 invece fornire assistenza legale diretta ne&#8217; offrire consulenze legali, limitandosi a verificare la non contrariet\u00e0 alla legge dell&#8217;atto che si intende sottoscrivere.<\/p>\n<p>Le procure generali nonch\u00e9 quelle speciali, aventi ad oggetto atti di donazione e le convenzioni matrimoniali si redigono alla presenza di <strong>due testimoni<\/strong> <em>(N.B.: i cittadini stranieri che agissero da testimoni devono essere capaci di intendere e di volere ai sensi della loro legislazione nazionale nonche&#8217; in grado di comprendere la lingua italiana)<\/em>.<\/p>\n<p>Sar\u00e0 cura delle parti interessate reperire e portare in Consolato tali testimoni affinch\u00e9 possano prendere parte all\u2019atto e sottoscriverlo. Per tutti gli atti di carattere patrimoniale posti in essere da <strong>soggetti coniugati<\/strong>, gli stessi devono essere firmati da entrambi i coniugi. Il regime normale previsto dalla legge \u00e8 infatti quello della comunione dei beni fra coniugi. Non \u00e8 richiesta la sottoscrizione dei due coniugi quando vi sia un regime di separazione dei beni o quando l&#8217;oggetto della procura\/atto notarile non ricada nella comunione dei beni.<\/p>\n<p>&nbsp;<\/p>\n","protected":false},"excerpt":{"rendered":"Il servizio notarile viene offerto esclusivamente ai cittadini italiani che si trovino all&#8217;estero in via permanente o temporanea (art.28 d.lgs.71\/2011), muniti di validi documenti italiani di identit\u00e0 (passaporto, carta d&#8217;identit\u00e0, patente di guida, ecc.). Se NON si \u00e8 in possesso della cittadinanza italiana si potr\u00e0 contattare un notary public australiano e successivamente avvalersi della Convenzione [&hellip;]","protected":false},"author":6,"featured_media":0,"parent":72,"menu_order":0,"comment_status":"closed","ping_status":"closed","template":"","meta":{"footnotes":""},"class_list":["post-673","page","type-page","status-publish","hentry"],"_links":{"self":[{"href":"https:\/\/consbrisbane.esteri.it\/it\/wp-json\/wp\/v2\/pages\/673","targetHints":{"allow":["GET"]}}],"collection":[{"href":"https:\/\/consbrisbane.esteri.it\/it\/wp-json\/wp\/v2\/pages"}],"about":[{"href":"https:\/\/consbrisbane.esteri.it\/it\/wp-json\/wp\/v2\/types\/page"}],"author":[{"embeddable":true,"href":"https:\/\/consbrisbane.esteri.it\/it\/wp-json\/wp\/v2\/users\/6"}],"replies":[{"embeddable":true,"href":"https:\/\/consbrisbane.esteri.it\/it\/wp-json\/wp\/v2\/comments?post=673"}],"version-history":[{"count":2,"href":"https:\/\/consbrisbane.esteri.it\/it\/wp-json\/wp\/v2\/pages\/673\/revisions"}],"predecessor-version":[{"id":3769,"href":"https:\/\/consbrisbane.esteri.it\/it\/wp-json\/wp\/v2\/pages\/673\/revisions\/3769"}],"up":[{"embeddable":true,"href":"https:\/\/consbrisbane.esteri.it\/it\/wp-json\/wp\/v2\/pages\/72"}],"wp:attachment":[{"href":"https:\/\/consbrisbane.esteri.it\/it\/wp-json\/wp\/v2\/media?parent=673"}],"curies":[{"name":"wp","href":"https:\/\/api.w.org\/{rel}","templated":true}]}}