{"id":67,"date":"2023-01-10T19:26:04","date_gmt":"2023-01-10T18:26:04","guid":{"rendered":"https:\/\/consbrisbane.esteri.it\/?page_id=67"},"modified":"2025-11-03T00:16:13","modified_gmt":"2025-11-02T23:16:13","slug":"contatti","status":"publish","type":"page","link":"https:\/\/consbrisbane.esteri.it\/it\/chi-siamo\/contatti\/","title":{"rendered":"Contatti"},"content":{"rendered":"<p>Il Consolato d\u2019Italia in Brisbane pu\u00f2 essere contattato via email (metodo preferenziale) ad uno dei seguenti indirizzi, in relazione al settore:<\/p>\n<table class=\"table\" style=\"height: 211px;\" width=\"850\">\n<tbody>\n<tr>\n<td>AIRE (FAST-IT), CODICI FISCALI<\/td>\n<td><a href=\"mailto:aire.brisbane@esteri.it\">aire.brisbane@esteri.it<\/a><\/td>\n<\/tr>\n<tr>\n<td>CITTADINANZA, CERTIFICATI DI ESISTENZA IN VITA, PATENTI, DICHIARAZIONI DI VALORE<\/td>\n<td><a href=\"mailto:brisbane.cittadinanza@esteri.it\">brisbane.cittadinanza@esteri.it<\/a><\/td>\n<\/tr>\n<tr>\n<td>NOTARILE, CAMBI DI NOME<\/td>\n<td><a href=\"mailto:notarile.brisbane@esteri.it\">notarile.brisbane@esteri.it<\/a><\/td>\n<\/tr>\n<tr>\n<td>PASSAPORTI<\/td>\n<td><a href=\"mailto:brisbane.passaporti@esteri.it\">brisbane.passaporti@esteri.it<\/a><\/td>\n<\/tr>\n<tr>\n<td>STATO CIVILE<\/td>\n<td><a href=\"mailto:brisbane.statocivile@esteri.it\">brisbane.statocivile@esteri.it<\/a><\/td>\n<\/tr>\n<tr>\n<td>VISTI<\/td>\n<td><a href=\"mailto:visa.brisbane@esteri.it\">visa.brisbane@esteri.it<\/a><\/td>\n<\/tr>\n<tr>\n<td>TUTTI GLI ALTRI SERVIZI<\/td>\n<td><a href=\"mailto:consolato.brisbane@esteri.it\">consolato.brisbane@esteri.it<\/a><\/td>\n<\/tr>\n<\/tbody>\n<\/table>\n<p>&nbsp;<\/p>\n<p>In alternativa, \u00e8 possibile contattarci telefonicamente allo\u00a0<strong>+61 (0)7 3229 8944<\/strong> i luned\u00ec ed il mercoled\u00ec dalle 13.00 alle 14.30 oppure i venerd\u00ec dalle 9.00 alle 10.30 (orario del Queensland).<\/p>\n<p><strong>In caso di emergenza<\/strong> che coinvolga un cittadino italiano in Queensland o Territorio del Nord, siamo raggiungibili al cellulare\u00a0<strong>+61 417 600 441<\/strong>\u00a0anche fuori l\u2019orario di lavoro. Si tratta di una linea telefonica\u00a0<strong><span style=\"text-decoration: underline;\">ESCLUSIVAMENTE<\/span> dedicata alle emergenze<\/strong> e non per richieste di informazioni sui servizi consolari (il personale non sar\u00e0 in grado di dare risposte). Chiamate non di emergenza saranno terminate per lasciare la linea disponibile a reali emergenze. Servizi come la richiesta di passaporto, di visti o servizi notarili non saranno considerate emergenze e per informazioni si dovra&#8217; preferire l&#8217;invio di una email o chiamare allo <strong>+61 (0)7 3229 8944 <\/strong>nelle giornate sopra citate.<\/p>\n<p>Per corrispondenza istituzionale o notifiche di atti giudiziari si pu\u00f2 utilizzare il seguente indirizzo PEC (Posta Elettronica Certificata)\u00a0<a href=\"mailto:con.brisbane@cert.esteri.it\">con.brisbane@cert.esteri.it<\/a><\/p>\n<p><strong>Se vi trovate in pericolo di vita o in una situazione che richiede assistenza immediata, per favore digitate 000 (triplo zero) per parlare con Polizia, Vigili del Fuoco o servizi di Ambulanza.<\/strong><\/p>\n","protected":false},"excerpt":{"rendered":"Il Consolato d\u2019Italia in Brisbane pu\u00f2 essere contattato via email (metodo preferenziale) ad uno dei seguenti indirizzi, in relazione al settore: AIRE (FAST-IT), CODICI FISCALI aire.brisbane@esteri.it CITTADINANZA, CERTIFICATI DI ESISTENZA IN VITA, PATENTI, DICHIARAZIONI DI VALORE brisbane.cittadinanza@esteri.it NOTARILE, CAMBI DI NOME notarile.brisbane@esteri.it PASSAPORTI brisbane.passaporti@esteri.it STATO CIVILE brisbane.statocivile@esteri.it VISTI visa.brisbane@esteri.it TUTTI GLI ALTRI SERVIZI consolato.brisbane@esteri.it &nbsp; [&hellip;]","protected":false},"author":3,"featured_media":0,"parent":9,"menu_order":6,"comment_status":"closed","ping_status":"closed","template":"","meta":{"footnotes":""},"class_list":["post-67","page","type-page","status-publish","hentry"],"_links":{"self":[{"href":"https:\/\/consbrisbane.esteri.it\/it\/wp-json\/wp\/v2\/pages\/67","targetHints":{"allow":["GET"]}}],"collection":[{"href":"https:\/\/consbrisbane.esteri.it\/it\/wp-json\/wp\/v2\/pages"}],"about":[{"href":"https:\/\/consbrisbane.esteri.it\/it\/wp-json\/wp\/v2\/types\/page"}],"author":[{"embeddable":true,"href":"https:\/\/consbrisbane.esteri.it\/it\/wp-json\/wp\/v2\/users\/3"}],"replies":[{"embeddable":true,"href":"https:\/\/consbrisbane.esteri.it\/it\/wp-json\/wp\/v2\/comments?post=67"}],"version-history":[{"count":3,"href":"https:\/\/consbrisbane.esteri.it\/it\/wp-json\/wp\/v2\/pages\/67\/revisions"}],"predecessor-version":[{"id":6256,"href":"https:\/\/consbrisbane.esteri.it\/it\/wp-json\/wp\/v2\/pages\/67\/revisions\/6256"}],"up":[{"embeddable":true,"href":"https:\/\/consbrisbane.esteri.it\/it\/wp-json\/wp\/v2\/pages\/9"}],"wp:attachment":[{"href":"https:\/\/consbrisbane.esteri.it\/it\/wp-json\/wp\/v2\/media?parent=67"}],"curies":[{"name":"wp","href":"https:\/\/api.w.org\/{rel}","templated":true}]}}