{"id":5621,"date":"2025-06-23T12:26:05","date_gmt":"2025-06-23T10:26:05","guid":{"rendered":"https:\/\/consbrisbane.esteri.it\/?page_id=5621"},"modified":"2026-03-04T13:58:58","modified_gmt":"2026-03-04T12:58:58","slug":"avviso-al-pubblico-nuovi-servizi-settore-cittadinanza-stato-civile-a-partire-dal-1-luglio-2025","status":"publish","type":"page","link":"https:\/\/consbrisbane.esteri.it\/it\/servizi-consolari-e-visti\/servizi-per-il-cittadino-italiano\/avviso-al-pubblico-nuovi-servizi-settore-cittadinanza-stato-civile-a-partire-dal-1-luglio-2025\/","title":{"rendered":"AVVISO AL PUBBLICO: NUOVI SERVIZI SETTORE CITTADINANZA &#8211; STATO CIVILE A PARTIRE DAL 1 LUGLIO 2025"},"content":{"rendered":"<p>Si informa la gentile utenza del Consolato d\u2019Italia a Brisbane che, a partire da marted\u00ec <strong>1 luglio 2025<\/strong>, lo staff del Consolato offrir\u00e0 al pubblico <strong>due nuovi servizi<\/strong> afferenti al settore cittadinanza-stato civile, ai quali verr\u00e0 data <strong>priorit\u00e0 attraverso la creazione di aperture dedicate dell\u2019Ufficio Consolare a Brisbane. <\/strong>Con l\u2019occasione, si ricorda inoltre che <strong>NON<\/strong> sar\u00e0 possibile richiedere tali servizi ai due Consolati Onorari dipendenti della circoscrizione, ovverosia quello di Darwin e quello di Cairns.<\/p>\n<p>I due servizi sono:<\/p>\n<p><strong><u>ACQUISTO di CITTADINANZA per BENEFICIO di LEGGE<\/u><\/strong><\/p>\n<p><strong><u>Chi sono i beneficiari?<\/u><\/strong> I <strong>figli minorenni nati all\u2019estero da genitore cittadino italiano<\/strong> che non trasmette automaticamente la cittadinanza (per maggiori informazioni, cliccare qui: <a href=\"https:\/\/consbrisbane.esteri.it\/it\/servizi-consolari-e-visti\/servizi-per-il-cittadino-italiano\/stato-civile\/trascrizioni-atti-di-nascita-nuove-regole\/\">Trascrizioni atti di nascita di figli minorenni (NUOVE REGOLE) \u2013 Consolato d&#8217;Italia Brisbane<\/a> )<\/p>\n<p><strong><u>Come garantirsi l\u2019appuntamento<\/u><\/strong><strong>: <\/strong>inviando<strong> una e-mail alla casella di posta elettronica <\/strong><a href=\"mailto:brisbane.statocivile@esteri.it\"><strong>brisbane.statocivile@esteri.it<\/strong><\/a><strong> , <\/strong>che abbia come oggetto la dicitura: ACQUISTO di CITTADINANZA per BENEFICIO di LEGGE.<\/p>\n<p><strong><u>Quale documentazione \u00e8 necessario presentare?<\/u><\/strong><\/p>\n<ol>\n<li><strong>Certificato di nascita in Italia di uno dei genitori<\/strong> OPPURE <strong>certificato di cittadinanza italiana<\/strong> ottenuta sulla base di domanda amministrativa o giudiziale presentata entro le 23:59 (ora di Roma) del 27 marzo 2025 o sulla base di domanda presentata previo appuntamento prenotato entro la medesima data;<\/li>\n<li><strong>Certificato di nascita del minore<\/strong> nato all\u2019estero, <strong>apostillato e tradotto in italiano<\/strong>;<\/li>\n<li><strong>dichiarazione di volont\u00e0 di acquisto della cittadinanza italiana<\/strong> da parte di ciascuno dei due genitori ENTRO TRE ANNI DALLA NASCITA del minore OPPURE entro <strong>il 31 MAGGIO 2029<\/strong> per tutti coloro che erano minorenni alla data del 24 maggio 2025, data di conversione del decreto. Se l\u2019interessato, minorenne alla data del 24 maggio 2025, diviene nel frattempo maggiorenne, la dichiarazione dovr\u00e0 essere presentata da lui personalmente entro la medesima data (<strong>31 maggio 2029<\/strong>).<\/li>\n<li><strong>L\u2019acquisto di cittadinanza per beneficio di legge \u00e8 GRATUITO a partire dal 1 gennaio 2026.<\/strong><\/li>\n<\/ol>\n<p>Si ricorda che, per comprovare quanto sopraelencato, <strong>NON<\/strong> sar\u00e0 possibile ricorrere all\u2019utilizzo delle dichiarazioni sostitutive di cui agli articoli 46 e 47 del D.P.R. 28 dicembre 2000, n. 445. Per i cittadini italiani iscritti all\u2019AIRE della circoscrizione consolare di residenza, SOLTANTO il certificato di cittadinanza italiana per nascita del padre o madre potr\u00e0 essere sostituito da una <a href=\"https:\/\/consbrisbane.esteri.it\/wp-content\/uploads\/2025\/07\/AUTOCERTIFICAZIONE-CITTADINANZA.pdf\">dichiarazione sostitutiva di certificazione<\/a>.<\/p>\n<p><strong>NOTA BENE: La dichiarazione di volont\u00e0 di acquisto della cittadinanza deve essere formale e avvenire di persona, presso l\u2019Ufficio Consolare. Saranno forniti modelli di dichiarazione il giorno della presentazione dell\u2019istanza, che verranno compilati alla presenza dell\u2019addetto consolare. Non \u00e8 richiesta la presenza di testimoni.<\/strong><\/p>\n<p><strong>\u00a0<\/strong><\/p>\n<p><strong><u>RIACQUISTO di CITTADINANZA per EX CITTADINI\u00a0\u00a0 <\/u><\/strong><\/p>\n<p><strong><u>Chi sono i beneficiari?<\/u><\/strong> I nati in Italia oppure cittadini italiani nati all\u2019estero e residenti in Italia per almeno due anni continuativi che abbiano perso la cittadinanza <strong>PRIMA DEL 15 agosto 1992<\/strong> in uno dei seguenti casi:<\/p>\n<p>1) abbiano volontariamente acquistato una cittadinanza straniera non oltre il 15 agosto 1992 e stabilito all&#8217;estero la propria residenza (articolo 8, numero 1\u00b0, della legge n. 555\/1912);<\/p>\n<p>2) avendo acquistato senza concorso di volont\u00e0 propria una cittadinanza straniera, abbiano rinunciato alla cittadinanza italiana e abbiano stabilito la propria residenza all\u2019estero (articolo 8, numero 2\u00b0, della legge n. 555\/1912);<\/p>\n<p>3) essendo figli minori non emancipati di chi ha perso la cittadinanza, avevano in comune con il genitore la residenza e hanno acquistato la cittadinanza di uno Stato straniero (articolo 12 della legge n. 555\/1912).<\/p>\n<p><strong><u>Si sottolinea che il riacquisto di cittadinanza da parte degli ex cittadini italiani non permette la trasmissione dello status civitatis ai discendenti.<\/u><\/strong> Per maggiori informazioni, cliccare qui: <a href=\"https:\/\/consbrisbane.esteri.it\/it\/servizi-consolari-e-visti\/servizi-per-il-cittadino-straniero\/apertura-termini-di-riacquisto-della-cittadinanza-italiana-a-favore-di-ex-cittadini\/\">APERTURA TERMINI DI RIACQUISTO DELLA CITTADINANZA ITALIANA A FAVORE DI EX CITTADINI \u2013 Consolato d&#8217;Italia Brisbane<\/a><\/p>\n<p><strong><u>Come garantirsi l\u2019appuntamento:<\/u><\/strong> inviando<strong> una e-mail alla casella di posta elettronica <\/strong><a href=\"mailto:brisbane.cittadinanza@esteri.it\"><strong>brisbane.cittadinanza@esteri.it<\/strong><\/a><strong> , <\/strong>che abbia come oggetto la dicitura: RIACQUISTO di CITTADINANZA per EX CITTADINI.<\/p>\n<p><strong><u>Quale documentazione \u00e8 necessario presentare?<\/u><\/strong><\/p>\n<ol>\n<li><strong>valido documento di identit\u00e0 emesso dall\u2019Australia<\/strong>, necessario all\u2019addetto consolare per l\u2019identificazione;<\/li>\n<li><strong>certificato di nascita<\/strong>, che nel caso di nati all\u2019estero dovr\u00e0 essere presentato nelle forme previste per la trascrizione in Italia, <strong>legalizzato (apostillato) e tradotto<\/strong>;<\/li>\n<li><strong>solo per i nati all\u2019estero, certificato storico di residenza<\/strong> comprovante la residenza in Italia per <strong>almeno due anni continuativi<\/strong>;<\/li>\n<li><strong>certificato storico di cittadinanza<\/strong> comprovante il precedente possesso della cittadinanza italiana;<\/li>\n<li>documentazione atta a dimostrare l\u2019acquisto della cittadinanza straniera e, nei casi previsti, la rinuncia a quella italiana, quale il <strong>certificato di naturalizzazione australiana, comprovante la causa della perdita della cittadinanza italiana e la data di decorrenza di tale perdita<\/strong> \u2013 la documentazione emessa dalle Autorit\u00e0 straniere dovr\u00e0 essere opportunamente legalizzata (apostillata) e tradotta.<\/li>\n<\/ol>\n<p>Si ricorda che, per comprovare quanto sopraelencato, NON sar\u00e0 possibile ricorrere all\u2019utilizzo delle dichiarazioni sostitutive di cui agli articoli 46 e 47 del D.P.R. 28 dicembre 2000, n. 445.<\/p>\n<p><strong>NOTA BENE: La dichiarazione di volont\u00e0 di riacquisto della cittadinanza deve essere formale e avvenire di persona, presso l\u2019Ufficio Consolare. Saranno forniti modelli di dichiarazione il giorno della presentazione dell\u2019istanza. Tali modelli verranno compilati alla presenza dell\u2019addetto consolare. Non \u00e8 richiesta la presenza di testimoni. Sempre il giorno della presentazione dell\u2019istanza, il richiedente sar\u00e0 tenuto a pagare a sportello il diritto consolare pari ad euro 250, preferibilmente attraverso EFTPOS.<\/strong><\/p>\n<p>&nbsp;<\/p>\n","protected":false},"excerpt":{"rendered":"Si informa la gentile utenza del Consolato d\u2019Italia a Brisbane che, a partire da marted\u00ec 1 luglio 2025, lo staff del Consolato offrir\u00e0 al pubblico due nuovi servizi afferenti al settore cittadinanza-stato civile, ai quali verr\u00e0 data priorit\u00e0 attraverso la creazione di aperture dedicate dell\u2019Ufficio Consolare a Brisbane. Con l\u2019occasione, si ricorda inoltre che NON [&hellip;]","protected":false},"author":5,"featured_media":0,"parent":72,"menu_order":0,"comment_status":"closed","ping_status":"closed","template":"","meta":{"footnotes":""},"class_list":["post-5621","page","type-page","status-publish","hentry"],"_links":{"self":[{"href":"https:\/\/consbrisbane.esteri.it\/it\/wp-json\/wp\/v2\/pages\/5621","targetHints":{"allow":["GET"]}}],"collection":[{"href":"https:\/\/consbrisbane.esteri.it\/it\/wp-json\/wp\/v2\/pages"}],"about":[{"href":"https:\/\/consbrisbane.esteri.it\/it\/wp-json\/wp\/v2\/types\/page"}],"author":[{"embeddable":true,"href":"https:\/\/consbrisbane.esteri.it\/it\/wp-json\/wp\/v2\/users\/5"}],"replies":[{"embeddable":true,"href":"https:\/\/consbrisbane.esteri.it\/it\/wp-json\/wp\/v2\/comments?post=5621"}],"version-history":[{"count":6,"href":"https:\/\/consbrisbane.esteri.it\/it\/wp-json\/wp\/v2\/pages\/5621\/revisions"}],"predecessor-version":[{"id":6533,"href":"https:\/\/consbrisbane.esteri.it\/it\/wp-json\/wp\/v2\/pages\/5621\/revisions\/6533"}],"up":[{"embeddable":true,"href":"https:\/\/consbrisbane.esteri.it\/it\/wp-json\/wp\/v2\/pages\/72"}],"wp:attachment":[{"href":"https:\/\/consbrisbane.esteri.it\/it\/wp-json\/wp\/v2\/media?parent=5621"}],"curies":[{"name":"wp","href":"https:\/\/api.w.org\/{rel}","templated":true}]}}