{"id":182,"date":"2023-01-10T21:40:34","date_gmt":"2023-01-10T20:40:34","guid":{"rendered":"https:\/\/consbrisbane.esteri.it\/?page_id=182"},"modified":"2026-01-07T15:31:05","modified_gmt":"2026-01-07T14:31:05","slug":"cittadinanza-2","status":"publish","type":"page","link":"https:\/\/consbrisbane.esteri.it\/it\/servizi-consolari-e-visti\/servizi-per-il-cittadino-straniero\/cittadinanza-2\/","title":{"rendered":"Cittadinanza per discendenza (NUOVE REGOLE)"},"content":{"rendered":"<p><strong>RIFORMA DELLA CITTADINANZA\u00a0<em>IURE SANGUINIS\u00a0<\/em><\/strong><\/p>\n<p style=\"text-align: justify;\">Questo Consolato sta provvedendo, sulla base della nuova normativa entrata in vigore in data 24\/05\/2025, ad elaborare chiare ed esaustive indicazioni da condividere con l\u2019utenza e per l\u2019aggiornamento del proprio sito istituzionale. Si prega pertanto di consultare con regolarit\u00e0 questa pagina del Sito, alla quale si verr\u00e0 reindirizzati anche nel caso di richieste di informazioni via telefono o via e-mail.<\/p>\n<p style=\"text-align: justify;\">La legge 23 maggio 2025, n.74 (in G.U. 23\/05\/2025, n.118) ha convertito con modificazioni il decreto-legge 28 marzo 2025, n. 36, recante disposizioni urgenti in materia di cittadinanza.<\/p>\n<p style=\"text-align: justify;\">La cittadinanza italiana si basa sul principio dello\u00a0<em>jus sanguinis<\/em> (diritto di sangue) per il quale il figlio nato da padre italiano o da madre italiana \u00e8 cittadino. Il nuovo decreto, come convertito, NON modifica questo principio fondamentale ma prevede importanti limitazioni alla trasmissione della cittadinanza da una generazione all\u2019altra, basandola sull\u2019effettivit\u00e0 del vincolo con l\u2019Italia e sul possesso di un\u2019altra cittadinanza.<\/p>\n<p style=\"text-align: justify;\">In via preliminare, si rende noto che NON cambia il regime normativo e si applicano quindi i criteri seguiti in precedenza SOLO per le seguenti categorie di persone:<\/p>\n<ul>\n<li style=\"text-align: justify;\">nati nel territorio italiano, anche in possesso di altra cittadinanza;<\/li>\n<li style=\"text-align: justify;\">nati dovunque, se non possiedono altra cittadinanza.<\/li>\n<\/ul>\n<p style=\"text-align: justify;\"><strong>\u00a0<\/strong>La cittadinanza italiana si trasmette da genitore in figlio, per un massimo di due generazioni, con la condizione <strong>che il genitore italiano non abbia mai rinunciato alla cittadinanza o non si sia naturalizzato durante la minore et\u00e0 del diretto discendente<\/strong>.<\/p>\n<p style=\"text-align: justify;\">Per il riconoscimento della cittadinanza italiana per discendenza \u00e8 necessario che siano provati i seguenti punti:<\/p>\n<ul style=\"text-align: justify;\">\n<li>che la discendenza abbia inizio da un <strong>genitore o un nonno italiani<\/strong> (dante causa);<\/li>\n<li>che il dante causa abbia <strong>mantenuto la cittadinanza sino alla maggiore et\u00e0 o emancipazione del diretto discendente<\/strong>;<\/li>\n<li>che sia <strong>comprovata la discendenza dal dante causa<\/strong> mediante gli atti di stato civile (nascita, matrimonio, divorzio, morte): detti atti devono essere muniti di legalizzazione (apostille), se richiesta, e di traduzione ufficiale.<\/li>\n<\/ul>\n<p style=\"text-align: justify;\"><strong>ATTENZIONE:<\/strong> La donna trasmette la cittadinanza ai discendenti soltanto a partire dal 1 gennaio 1948.<\/p>\n<p style=\"text-align: justify;\"><strong>Dal 1865 al 26 aprile del 1983 la cittadinanza della donna seguiva quella del marito<\/strong>, pertanto la donna straniera acquistava la cittadinanza italiana automaticamente per matrimonio (conservandola in caso di vedovanza).<\/p>\n<p style=\"text-align: justify;\">Allo stesso modo, la donna italiana naturalizzatasi prima del matrimonio che aveva successivamente sposato un cittadino italiano entro il 26 aprile 1983 riacquistava la cittadinanza italiana per matrimonio.<\/p>\n<p style=\"text-align: justify;\"><strong><u>NOTA BENE<\/u><\/strong><strong>:\u00a0<\/strong><strong>se l\u2019antenato si \u00e8<\/strong>\u00a0<strong>naturalizzato prima della nascita o durante la minore et\u00e0 del discendente<\/strong>\u00a0<strong>successivo<\/strong>\u00a0<strong>si interrompe la linea di trasmissione\u00a0<\/strong><strong>della cittadinanza<\/strong>.\u00a0<strong>Non si ha quindi diritto al riconoscimento della cittadinanza italiana per discendenza (cfr. artt . 7 e 12 Legge n. 555\/1912).<\/strong><\/p>\n<p style=\"text-align: justify;\"><strong>ULTERIORI REQUISITI<\/strong><\/p>\n<p style=\"text-align: justify;\">Il Decreto-Legge n. 36\/2025, del 28 marzo 2025, convertito in legge in data 24 maggio 2025 (legge 74\/2025), ha introdotto <strong><span style=\"text-decoration: underline;\">ulteriori requisiti in materia di riconoscimento della cittadinanza <em>iure sanguinis<\/em><\/span><\/strong>.<\/p>\n<p style=\"text-align: justify;\">In particolare, secondo le nuove disposizioni, il richiedente <strong><u>nato all\u2019estero<\/u><\/strong><u>, oltre a dover rispettare le condizioni di cui sopra, per ottenere il riconoscimento della cittadinanza italiana, deve anche rientrare in almeno una delle seguenti fattispecie<\/u>:<\/p>\n<ol style=\"text-align: justify;\">\n<li>deve avere <strong>esclusivamente la cittadinanza italiana<\/strong> (cio\u00e8 <em>non ha e non pu\u00f2 avere nessun\u2019altra cittadinanza al di fuori di quella italiana<\/em>);<\/li>\n<li>un <strong>genitore (anche adottivo) o un nonno<\/strong> deve possedere &#8211; o avere posseduto al momento del decesso &#8211; <strong>esclusivamente la cittadinanza italiana alla nascita del richiedente<\/strong>;<\/li>\n<li>un<strong> genitore (anche adottivo) cittadino deve essere stato residente in Italia per almeno due anni continuativi, successivamente all\u2019acquisto della cittadinanza italiana, MA prima della nascita o adozione del richiedente.<\/strong><\/li>\n<\/ol>\n<p style=\"text-align: justify;\"><strong>\u00a0<\/strong><strong>ECCEZIONE<\/strong><\/p>\n<p style=\"text-align: justify;\">Gli ulteriori requisiti di cui sopra <b>NON<\/b>\u00a0si applicano:<\/p>\n<ul style=\"text-align: justify;\">\n<li>ai richiedenti con <strong>appuntamento prenotato e confermato entro le 23:59 (ora di Roma) del 27 marzo 2025<\/strong>.<\/li>\n<\/ul>\n<p style=\"text-align: justify;\">Per la trattazione dell\u2019istanza di cittadinanza \u00e8 previsto il <strong>pagamento di 600 Euro<\/strong> da corrispondersi\u00a0<strong>in valuta locale<\/strong> (art. 7B del tariffario consolare) in contanti o con carta di debito. Si precisa che trattasi di un<strong>\u00a0contributo obbligatorio\u00a0<\/strong>richiesto dalla legge<strong>\u00a0per la trattazione della pratica, che\u00a0non implica in alcun modo l\u2019esito positivo del procedimento.<\/strong><\/p>\n<p style=\"text-align: justify;\">Pertanto, tale contributo <strong><u>NON \u00c8 IN ALCUN CASO RIMBORSABILE<\/u>.<\/strong><\/p>\n<p style=\"text-align: justify;\"><strong>\u00a0<\/strong><\/p>\n<p style=\"text-align: justify;\"><strong>\u00a0<\/strong><\/p>\n<p style=\"text-align: justify;\"><strong>*********************<\/strong><\/p>\n<p style=\"text-align: justify;\"><strong>\u00a0<\/strong><\/p>\n<p style=\"text-align: justify;\"><strong>NUOVI CASI DI ACQUISTO DELLA CITTADINANZA ALL\u2019ESTERO (FIGLI MINORENNI DI CITTADINI CHE NON TRASMETTONO AUTOMATICAMENTE LA CITTADINANZA ITALIANA)<\/strong><\/p>\n<p style=\"text-align: justify;\">In alcuni casi limitati, previsti dal comma 1-bis dell\u2019articolo 4 della legge n. 91\/1992 e dall\u2019articolo 1-ter del decreto legge n. 36\/2025 come convertito in legge, <u>i figli minorenni nati all\u2019estero da<\/u> <u>genitore cittadino che non trasmette automaticamente la cittadinanza (ossia che <strong>non rientrano in una delle 3 fattispecie sopra elencate<\/strong><\/u>), possono acquistare la cittadinanza italiana in due casi <strong>(previo pagamento, se di eta&#8217; compresa fra 3 e 18 anni, di un contributo a favore del Ministero dell\u2019Interno di 250 euro)<\/strong>:<\/p>\n<p style=\"text-align: justify;\">Il <strong>primo caso<\/strong> ha i seguenti presupposti che devono essere rispettati<strong> CONGIUNTAMENTE:<\/strong><\/p>\n<ol style=\"text-align: justify;\">\n<li><strong>almeno uno dei genitori \u00e8 cittadino italiano per nascita<\/strong> (anche se in possesso di altra cittadinanza);<\/li>\n<li><strong>entrambi i genitori<\/strong> <strong>presentano una <u>dichiarazione<\/u> di volont\u00e0 di acquisto della cittadinanza italiana ENTRO TRE ANNI DALLA NASCITA del minore. La dichiarazione di volont\u00e0 di acquisto della cittadinanza deve essere formale e avvenire di persona, presso l&#8217;Ufficio Consolare.<\/strong><\/li>\n<\/ol>\n<p style=\"text-align: justify;\"><strong>\u00a0<\/strong><\/p>\n<p style=\"text-align: justify;\">Il secondo caso \u00e8 una norma transitoria e si applica quando sussistono<strong> TUTTE <\/strong>le condizioni seguenti:<\/p>\n<ol style=\"text-align: justify;\">\n<li>i richiedenti sono <strong>minorenni alla data di entrata in vigore della legge di conversione del DL n. 36\/2025 <\/strong>(cio\u00e8 persone che non avevano ancora compiuto i 18 anni di et\u00e0 alla data del 24 maggio 2025);<\/li>\n<li>i richiedenti sono <strong>figli di cittadino per nascita <\/strong>riconosciuto italiano sulla base di domanda amministrativa o giudiziale presentata entro le 23:59 (ora di Roma) del 27 marzo 2025 o sulla base di domanda presentata previo appuntamento prenotato entro la medesima data;<\/li>\n<li>I genitori dei \u00a0minorenni \u00a0devono\u00a0 presentare \u00a0una \u00a0dichiarazione \u00a0entro \u00a0il \u00a0<strong>31 maggio 2026. La dichiarazione di volont\u00e0 di acquisto della cittadinanza deve essere formale e avvenire di persona, presso l&#8217;Ufficio Consolare.<\/strong><\/li>\n<\/ol>\n<p style=\"text-align: justify;\"><u>Se l\u2019interessato, minorenne alla data del 24 maggio 2025, diviene nel frattempo maggiorenne, la dichiarazione dovr\u00e0 essere presentata da lui personalmente entro la medesima data.<\/u><\/p>\n<p style=\"text-align: justify;\"><strong>\u00a0<\/strong><\/p>\n<p style=\"text-align: justify;\"><strong>NOTA BENE:<\/strong> Le due nuove ipotesi sopra descritte configurano un <strong>acquisto della cittadinanza per \u201cbeneficio di legge\u201d<\/strong>: il minore che ne beneficia non \u00e8 cittadino italiano per nascita o <em>iure sanguinis<\/em>. Cio\u00e8, in base all\u2019art. 15 della legge n. 91\/1992, il minore non acquista la cittadinanza dal giorno della nascita, ma <strong>dal giorno successivo alla dichiarazione dei genitori.<\/strong><\/p>\n<p style=\"text-align: justify;\"><strong>SI PRECISA CHE<\/strong><\/p>\n<ul style=\"text-align: justify;\">\n<li>L\u2019istanza \u00e8 individuale, va presentata di persona corredata della documentazione richiesta.<\/li>\n<\/ul>\n<ul style=\"text-align: justify;\">\n<li>Qualora due o pi\u00f9 membri della stessa famiglia intendano presentare istanza di riconoscimento di cittadinanza italiana per discendenza a partire dallo stesso antenato, sia contemporaneamente o in momenti diversi, \u00e8 sufficiente presentare solo una documentazione relativa all\u2019antenato e ai discendenti comuni, purch\u00e9 i richiedenti siano tutti residenti in QLD o NT.<\/li>\n<li>I residenti nel QLD o nel NT i cui i familiari hanno ottenuto il riconoscimento della cittadinanza italiana presso un altro Consolato o in Italia, devono presentare in ogni caso tutta la documentazione relativa all\u2019antenato in originale.<\/li>\n<\/ul>\n<ul style=\"text-align: justify;\">\n<li>L\u2019Ufficio Cittadinanza si riserva di richiedere ulteriore documentazione qualora gli elementi a disposizione fossero ritenuti insufficienti per una corretta valutazione dell\u2019istanza di cittadinanza.<\/li>\n<li><strong>La ricerca della documentazione<\/strong> <strong>\u00e8 onere del richiedente<\/strong>.<\/li>\n<li><strong>Il procedimento per l\u2019accertamento del possesso della cittadinanza italiana sar\u00e0 concluso entro 730 giorni<\/strong>, cos\u00ec come stabilito dal Decreto del Presidente del Consiglio dei Ministri n. 33 del 17\/01\/2014, in G.U. n. 64 del 18\/03\/2014.<\/li>\n<li>Il Consolato\u00a0 trasmetter\u00e0 tramite email ai richiedenti una comunicazione ufficiale in merito all\u2019esito della procedura, contestualmente all\u2019invio della relativa documentazione al Comune in Italia per la registrazione, nel caso di esito positivo.<\/li>\n<li><strong>Tutti i documenti originali non verranno restituiti, ma trattenuti dal Consolato per la conservazione agli atti.<\/strong><\/li>\n<\/ul>\n<p style=\"text-align: justify;\"><strong><u>NON<\/u><\/strong><strong>\u00a0\u00c8 POSSIBILE RISPONDERE PER E-MAIL O AL TELEFONO ALLE RICHIESTE DI INFORMAZIONI\u00a0<u>GENERALI<\/u>\u00a0SULLE PROCEDURE O SULLA DOCUMENTAZIONE DA PRESENTARE.<\/strong><\/p>\n<p style=\"text-align: justify;\"><strong>SI RIMANDA PERTANTO ALLE INDICAZIONI CONTENUTE NELLE RELATIVE PAGINE WEB.<\/strong><\/p>\n<p>&nbsp;<\/p>\n<p>&nbsp;<\/p>\n<h3><\/h3>\n<h3><span style=\"text-decoration: underline;\"><strong>NORME IN VIGORE FINO ALLE ORE 23.59 ORA ITALIANA DEL 27 MARZO 2025<\/strong><\/span><\/h3>\n<p>I richiedenti devono presentare domanda di riconoscimento della cittadinanza Italiana per discendenza, oltre al resto dei servizi consolari, direttamente presso l\u2019Ufficio consolare previo appuntamento.<\/p>\n<p><span style=\"text-decoration: underline;\"><strong>CITTADINANZA PER DISCENDENZA SECONDO IL CRITERIO DELLO IUS SANGUINIS<\/strong><\/span><\/p>\n<p>L\u2019art. 1 della legge n. 91\/92 stabilisce che \u00e8 <strong><em>cittadino italiano per nascita il figlio di padre o madre italiani <\/em><\/strong>ai quali la cittadinanza italiana sia gi\u00e0 stata riconosciuta secondo i criteri vigenti prima della Circolare Min. Int. 43347.<\/p>\n<p><strong><u>ATTENZIONE<\/u><\/strong><\/p>\n<ul>\n<li><strong>La donna italiana perdeva la cittadinanza se contraeva matrimonio con cittadino straniero fino al 01\/01\/1948.<\/strong><\/li>\n<li><strong>La donna italiana trasmette la cittadinanza solo dopo il 01\/01\/1948.<\/strong><\/li>\n<\/ul>\n<p>Per informazioni sulle vicende relative alla cittadinanza italiana della donna, clicca <u><a href=\"https:\/\/consbrisbane.esteri.it\/wp-content\/uploads\/2025\/01\/CITTADINANZA-DELLA-DONNA-semplificata.pdf\">qui<\/a> .<\/u><\/p>\n<p><strong><u>La cittadinanza si trasmette da genitore in figlio con la condizione che l\u2019avo italiano non abbia mai rinunciato alla cittadinanza o non si sia naturalizzato durante la minore et\u00e0 del discendente.<\/u><\/strong><\/p>\n<p>Per il riconoscimento della cittadinanza italiana per discendenza \u00e8 necessario che siano provati i seguenti punti:<\/p>\n<ul>\n<li>che la discendenza abbia inizio da un avo italiano (dante causa).<\/li>\n<li>che il dante causa abbia mantenuto la cittadinanza sino alla maggiore et\u00e0 o emancipazione del diretto discendente.<\/li>\n<\/ul>\n<p>La mancata naturalizzazione o la data di un\u2019eventuale naturalizzazione del dante causa deve essere comprovata mediante attestazione rilasciata dalla competente Autorit\u00e0 straniera.<\/p>\n<ul>\n<li>comprovare la discendenza dal dante causa mediante gli atti di stato civile (nascita, matrimonio, divorzio, morte): detti atti devono essere muniti di legalizzazione, se richiesta, e di traduzione ufficiale.<\/li>\n<\/ul>\n<p>La prescritta documentazione, regolare e completa, <u>deve essere presentata dal richiedente<\/u> a corredo dell\u2019istanza.<\/p>\n<p><strong><u>NOTA BENE<\/u><\/strong><strong>: se il dante causa si \u00e8 naturalizzato prima della nascita o durante la minore et\u00e0 del discendente successivo, si \u00e8 interrotta la trasmissione della cittadinanza. <\/strong><\/p>\n<p><strong>Non si ha quindi diritto al riconoscimento della cittadinanza italiana per discendenza (cfr. artt 8 e 12 Legge n.555\/1912).<\/strong><\/p>\n<p><strong>\u00a0<\/strong><\/p>\n<p><strong><span style=\"text-decoration: underline;\">ISTANZA DI RICONOSCIMENTO DI CITTADINANZA PER DISCENDENZA<\/span><\/strong><\/p>\n<ul>\n<li><strong>SOLO<\/strong> i cittadini maggiorenni possono presentare istanza di riconoscimento di cittadinanza italiana per discendenza. Per i cittadini minorenni si invita a prendere visione di quanto riportato al seguente <a href=\"https:\/\/consbrisbane.esteri.it\/it\/servizi-consolari-e-visti\/servizi-per-il-cittadino-italiano\/stato-civile\/\">link<\/a>.<\/li>\n<li>L\u2019istanza pu\u00f2 essere presentata presso questo Consolato d\u2019Italia a Brisbane <strong>SOLO <\/strong>da\u00a0<strong>cittadini australiani o cittadini di altri Stati provvisti di visto australiano di residenza permanente nel Queensland o nel Territorio del Nord. <\/strong><\/li>\n<\/ul>\n<p><span style=\"text-decoration: underline;\">Prova della residenza in Queensland o nel Territorio del Nord<\/span> \u00e8 richiesta al momento della presentazione della domanda.<\/p>\n<ul>\n<li>L\u2019istanza \u00e8 individuale, va presentata di persona previo <u>appuntamento da prendersi online <\/u>(<a href=\"https:\/\/prenotami.esteri.it\/\">Prenot@mi<\/a>) e corredata della documentazione richiesta.<\/li>\n<li>Qualora due o pi\u00f9 membri della stessa famiglia intendono presentare istanza di riconoscimento di cittadinanza italiana per discendenza a partire dallo stesso dante causa, sia contemporaneamente o in momenti diversi, \u00e8 sufficiente presentare solo una documentazione relativa al dante causa e ai discendenti comuni, purch\u00e9 i richiedenti siano tutti residenti in Queensland.<\/li>\n<li>I residenti nel Queensland i cui i familiari hanno ottenuto il riconoscimento della cittadinanza italiana presso un altro Consolato o in Italia, devono presentare in ogni caso tutta la documentazione relativa al dante causa in originale.<\/li>\n<\/ul>\n<p><strong>\u00a0<\/strong><\/p>\n<p><strong>DOCUMENTI DA PRESENTARE IL GIORNO DELL\u2019APPUNTAMENTO<\/strong><\/p>\n<p><u>Per il DANTE CAUSA<\/u><\/p>\n<ul>\n<li>atto integrale di nascita rilasciato dal Comune italiano<\/li>\n<li>atto di matrimonio, laddove previsto con legalizzazione e traduzione<\/li>\n<li>sentenza di divorzio (eventuale), laddove previsto con legalizzazione e traduzione<\/li>\n<li>atto di decesso (eventuale), laddove previsto con legalizzazione e traduzione<\/li>\n<li>certificato di\u00a0\u201cnon naturalizzazione\u201d o \u201cnaturalizzazione\u201d, laddove previsto con legalizzazione e traduzione<\/li>\n<\/ul>\n<p><u>Per il RICHIEDENTE<\/u><\/p>\n<ul>\n<li>atto di nascita, laddove previsto con legalizzazione e traduzione<\/li>\n<\/ul>\n<ul>\n<li>atto di matrimonio, laddove previsto con legalizzazione e traduzione<\/li>\n<\/ul>\n<ul>\n<li>sentenza di divorzio (eventuale), laddove previsto con legalizzazione e traduzione<\/li>\n<\/ul>\n<ul>\n<li>prova di residenza relativamente al richiedente il riconoscimento della cittadinanza.<\/li>\n<\/ul>\n<p>&nbsp;<\/p>\n<p><strong>In caso di documenti australiani<\/strong>, gli atti sopra menzionati dovranno essere muniti di apostille e traduzione.<\/p>\n<p><strong>In caso di documenti non australiani<\/strong>, il richiedente dovr\u00e0 verificare con il Consolato italiano competente la correttezza formale e sostanziale della documentazione.<\/p>\n<p>In casi eccezionali, questo Consolato potr\u00e0 certificarne la traduzione, <u>posto che il documento straniero sia redatto in inglese quale lingua ufficiale del Paese emittente<\/u>.<\/p>\n<p>&nbsp;<\/p>\n<p><strong>COSTI<\/strong><\/p>\n<p>A decorrere dall\u20191 gennaio 2025 tutte le istanze di riconoscimento della cittadinanza italiana per discendenza sono soggette al pagamento di una percezione consolare per il trattamento della domanda di <strong>600 Euro<\/strong> da corrispondersi in valuta locale. <strong><u>N.B. alla luce del cambio di tariffa consolare, causa aggiornamento degli applicativi ministeriali, gli appuntamenti di cittadinanza jure sanguinis sono sospesi dal 1 gennaio al 15 gennaio 2025.<\/u><\/strong><\/p>\n<p><strong>Si precisa che trattasi di un contributo di carattere obbligatorio richiesto dalla legge per la trattazione della pratica che <u>non implica in alcun modo l\u2019esito positivo del procedimento<\/u> e, pertanto, non \u00e8 in alcun caso rimborsabile.<\/strong><\/p>\n<p>&nbsp;<\/p>\n<p><strong><u>NOTA BENE<\/u><\/strong><\/p>\n<ul>\n<li><strong>Tutti i documenti devono essere presentati in originale e non vengono restituiti<\/strong><\/li>\n<li>L\u2019Ufficio Cittadinanza si riserva di richiedere ulteriore documentazione qualora gli elementi a disposizione fossero ritenuti insufficienti per una corretta valutazione dell\u2019istanza di cittadinanza.<\/li>\n<li>La ricerca della documentazione \u00e8 onere del richiedente.<\/li>\n<li><strong>Il procedimento per l\u2019accertamento del possesso della cittadinanza italiana sar\u00e0 concluso entro 730 giorni<\/strong>, cos\u00ec come stabilito dal Decreto del Presidente del Consiglio dei Ministri n. 33 del 17\/01\/2014, in G.U. n. 64 del 18\/03\/2014.<\/li>\n<li>Il Consolato trasmetter\u00e0 tramite email ai richiedenti una comunicazione ufficiale in merito all\u2019esito della procedura, contestualmente all\u2019invio della relativa documentazione al Comune in Italia per la registrazione, nel caso di esito positivo.<\/li>\n<\/ul>\n<p><strong>Alle richieste dell\u2019utenza di informazioni generali sulle procedure o sulla documentazione necessaria a presentare domanda di cittadinanza <u>non<\/u> sar\u00e0 possibile rispondere individualmente per e-mail o al telefono e si rimanda alle indicazioni contenute anche negli approfondimenti in calce.<\/strong><\/p>\n<p><strong>\u00a0<\/strong><\/p>\n<p><a href=\"https:\/\/consbrisbane.esteri.it\/wp-content\/uploads\/2025\/05\/form-citt-NUOVO.pdf\">Modulo istanza riconoscimento iure sanguinis<\/a><\/p>\n<p><a href=\"https:\/\/consbrisbane.esteri.it\/wp-content\/uploads\/2023\/06\/Modulo-richiesta-atti-di-stato-civile-ai-comuni-italiani.pdf\">Richiesta certificati Comune<\/a><\/p>\n","protected":false},"excerpt":{"rendered":"RIFORMA DELLA CITTADINANZA\u00a0IURE SANGUINIS\u00a0 Questo Consolato sta provvedendo, sulla base della nuova normativa entrata in vigore in data 24\/05\/2025, ad elaborare chiare ed esaustive indicazioni da condividere con l\u2019utenza e per l\u2019aggiornamento del proprio sito istituzionale. Si prega pertanto di consultare con regolarit\u00e0 questa pagina del Sito, alla quale si verr\u00e0 reindirizzati anche nel caso [&hellip;]","protected":false},"author":3,"featured_media":0,"parent":75,"menu_order":0,"comment_status":"closed","ping_status":"closed","template":"","meta":{"footnotes":""},"class_list":["post-182","page","type-page","status-publish","hentry"],"_links":{"self":[{"href":"https:\/\/consbrisbane.esteri.it\/it\/wp-json\/wp\/v2\/pages\/182","targetHints":{"allow":["GET"]}}],"collection":[{"href":"https:\/\/consbrisbane.esteri.it\/it\/wp-json\/wp\/v2\/pages"}],"about":[{"href":"https:\/\/consbrisbane.esteri.it\/it\/wp-json\/wp\/v2\/types\/page"}],"author":[{"embeddable":true,"href":"https:\/\/consbrisbane.esteri.it\/it\/wp-json\/wp\/v2\/users\/3"}],"replies":[{"embeddable":true,"href":"https:\/\/consbrisbane.esteri.it\/it\/wp-json\/wp\/v2\/comments?post=182"}],"version-history":[{"count":6,"href":"https:\/\/consbrisbane.esteri.it\/it\/wp-json\/wp\/v2\/pages\/182\/revisions"}],"predecessor-version":[{"id":6386,"href":"https:\/\/consbrisbane.esteri.it\/it\/wp-json\/wp\/v2\/pages\/182\/revisions\/6386"}],"up":[{"embeddable":true,"href":"https:\/\/consbrisbane.esteri.it\/it\/wp-json\/wp\/v2\/pages\/75"}],"wp:attachment":[{"href":"https:\/\/consbrisbane.esteri.it\/it\/wp-json\/wp\/v2\/media?parent=182"}],"curies":[{"name":"wp","href":"https:\/\/api.w.org\/{rel}","templated":true}]}}