{"id":15,"date":"2023-01-10T14:31:42","date_gmt":"2023-01-10T13:31:42","guid":{"rendered":"https:\/\/consbrisbane.esteri.it\/?page_id=15"},"modified":"2023-01-10T21:27:31","modified_gmt":"2023-01-10T20:27:31","slug":"italia-e-australia","status":"publish","type":"page","link":"https:\/\/consbrisbane.esteri.it\/it\/italia-e-australia\/","title":{"rendered":"Italia e Australia"},"content":{"rendered":"<p>Il Consolato d\u2019Italia in Brisbane pu\u00f2 essere contattato via email (metodo preferenziale) ad uno dei seguenti indirizzi, in relazione al settore:<\/p>\n<table class=\"table\">\n<tbody>\n<tr>\n<td>AIRE (FAST-IT), CODICI FISCALI, PATENTI, DICHIARAZIONI DI VALORE<\/td>\n<td>aire.brisbane@esteri.it<\/td>\n<\/tr>\n<tr>\n<td>CITTADINANZA, CERTIFICATI DI ESISTENZA IN VITA<\/td>\n<td>brisbane.cittadinanza@esteri.it<\/td>\n<\/tr>\n<tr>\n<td>NOTARILE<\/td>\n<td>notarile.brisbane@esteri.it<\/td>\n<\/tr>\n<tr>\n<td>PASSAPORTI<\/td>\n<td>brisbane.passaporti@esteri.it<\/td>\n<\/tr>\n<tr>\n<td>STATO CIVILE, CAMBI DI NOME<\/td>\n<td>brisbane.statocivile@esteri.it<\/td>\n<\/tr>\n<tr>\n<td>VISTI<\/td>\n<td>visa.brisbane@esteri.it<\/td>\n<\/tr>\n<tr>\n<td>TUTTI GLI ALTRI SERVIZI<\/td>\n<td>consolato.brisbane@esteri.it<\/td>\n<\/tr>\n<\/tbody>\n<\/table>\n<p>&nbsp;<\/p>\n<p>In alternativa, \u00e8 possibile contattarci telefonicamente allo\u00a0<strong>+61 (0)7 3229 8944<\/strong>\u00a0i luned\u00ec, mercoled\u00ec dalle 13.00 alle 14.30 ed il venerd\u00ec dalle 9.00 alle 10.30 (orario del Queensland).<\/p>\n<p>In caso di emergenza che coinvolga un cittadino italiano in Queensland o Territorio del Nord, siamo raggiungibili al cellulare\u00a0<strong>+61 417 600 441<\/strong>\u00a0anche fuori l\u2019orario di lavoro. Si tratta di una linea telefonica\u00a0<strong>ESCLUSIVAMENTE dedicata alle emergenze<\/strong>\u00a0e non per richieste di informazioni sui servizi consolari. Chiamate non di emergenza saranno terminate per lasciare la linea disponibile a reali emergenze. Servizi come la richiesta di passaporto, di visti o servizi notarili non sono considerati emergenze e per informazioni si prega di inviare una email o chiamare allo +61 (0)7 3229 8944 i luned\u00ec, mercoled\u00ec dalle 13.00 alle 14.30 ed il venerd\u00ec dalle 9.00 alle 10.30 (orario del Queensland).<\/p>\n<p>Per corrispondenza istituzionale o notifiche di atti giudiziari si pu\u00f2 utilizzare il seguente indirizzo PEC (Posta Elettronica Certificata)\u00a0<a href=\"mailto:con.brisbane@cert.esteri.it\">con.brisbane@cert.esteri.it<\/a><\/p>\n<p><strong>Se vi trovate in pericolo di vita o in una situazione che richiede assistenza immediata, per favore digitate 000 (triplo zero) per parlare con Polizia, Vigili del Fuoco o servizi di Ambulanza.<\/strong><\/p>\n","protected":false},"excerpt":{"rendered":"Il Consolato d\u2019Italia in Brisbane pu\u00f2 essere contattato via email (metodo preferenziale) ad uno dei seguenti indirizzi, in relazione al settore: AIRE (FAST-IT), CODICI FISCALI, PATENTI, DICHIARAZIONI DI VALORE aire.brisbane@esteri.it CITTADINANZA, CERTIFICATI DI ESISTENZA IN VITA brisbane.cittadinanza@esteri.it NOTARILE notarile.brisbane@esteri.it PASSAPORTI brisbane.passaporti@esteri.it STATO CIVILE, CAMBI DI NOME brisbane.statocivile@esteri.it VISTI visa.brisbane@esteri.it TUTTI GLI ALTRI SERVIZI consolato.brisbane@esteri.it &nbsp; [&hellip;]","protected":false},"author":1,"featured_media":0,"parent":0,"menu_order":4,"comment_status":"closed","ping_status":"closed","template":"","meta":{"footnotes":""},"class_list":["post-15","page","type-page","status-publish","hentry"],"_links":{"self":[{"href":"https:\/\/consbrisbane.esteri.it\/it\/wp-json\/wp\/v2\/pages\/15","targetHints":{"allow":["GET"]}}],"collection":[{"href":"https:\/\/consbrisbane.esteri.it\/it\/wp-json\/wp\/v2\/pages"}],"about":[{"href":"https:\/\/consbrisbane.esteri.it\/it\/wp-json\/wp\/v2\/types\/page"}],"author":[{"embeddable":true,"href":"https:\/\/consbrisbane.esteri.it\/it\/wp-json\/wp\/v2\/users\/1"}],"replies":[{"embeddable":true,"href":"https:\/\/consbrisbane.esteri.it\/it\/wp-json\/wp\/v2\/comments?post=15"}],"version-history":[{"count":0,"href":"https:\/\/consbrisbane.esteri.it\/it\/wp-json\/wp\/v2\/pages\/15\/revisions"}],"wp:attachment":[{"href":"https:\/\/consbrisbane.esteri.it\/it\/wp-json\/wp\/v2\/media?parent=15"}],"curies":[{"name":"wp","href":"https:\/\/api.w.org\/{rel}","templated":true}]}}